{"id":820,"date":"2017-10-04T00:13:05","date_gmt":"2017-10-03T21:13:05","guid":{"rendered":"http:\/\/neonmakine.com.tr\/disliler"},"modified":"2024-01-22T15:39:11","modified_gmt":"2024-01-22T12:39:11","slug":"gears","status":"publish","type":"page","link":"https:\/\/neonmakine.com.tr\/en\/gears","title":{"rendered":"Gears"},"content":{"rendered":"<p>[vc_row full_width=&#8221;stretch_row&#8221; full_height=&#8221;yes&#8221; content_placement=&#8221;middle&#8221; bg_type=&#8221;image&#8221; parallax_style=&#8221;vcpb-default&#8221; bg_image_new=&#8221;id^284|url^http:\/\/neonmakine.com.tr\/wp-content\/uploads\/disli-uretim-gorsel-3.jpg|caption^null|alt^null|title^disli-uretim-gorsel-3|description^null&#8221; bg_image_repeat=&#8221;no-repeat&#8221; bg_img_attach=&#8221;fixed&#8221; enable_overlay=&#8221;enable_overlay_value&#8221; overlay_color=&#8221;rgba(10,10,10,0.28)&#8221; overlay_pattern=&#8221;transperant&#8221; overlay_pattern_opacity=&#8221;40&#8243; overlay_pattern_attachment=&#8221;fixed&#8221; seperator_enable=&#8221;seperator_enable_value&#8221; seperator_type=&#8221;xlarge_triangle_seperator&#8221; seperator_position=&#8221;bottom_seperator&#8221; seperator_shape_background=&#8221;#ffffff&#8221; color_style=&#8221;light&#8221; el_id=&#8221;section1&#8243;][vc_column][vc_empty_space height=&#8221;100px&#8221;]<div class=\"ult-animation  ult-animate-viewport  ult-no-mobile \" data-animate=\"fadeIn\" data-animation-delay=\"0\" data-animation-duration=\"1\" data-animation-iteration=\"1\" style=\"opacity:0;\" data-opacity_start_effect=\"\"><div id=\"ultimate-heading-890869e392fb1c852\" class=\"uvc-heading ult-adjust-bottom-margin ultimate-heading-890869e392fb1c852 uvc-9435 \" data-hspacer=\"no_spacer\"  data-halign=\"center\" style=\"text-align:center\"><div class=\"uvc-heading-spacer no_spacer\" style=\"top\"><\/div><div class=\"uvc-sub-heading ult-responsive\"  data-ultimate-target='.uvc-heading.ultimate-heading-890869e392fb1c852 .uvc-sub-heading '  data-responsive-json-new='{\"font-size\":\"\",\"line-height\":\"\"}'  style=\"font-weight:normal;color:#ffffff;\"><\/p>\n<h2><span style=\"font-size: 200%; color: white;\">OUR GEAR PRODUCTS<\/span><\/h2>\n<p>Latest technology in gear manufacturing&#8230;<\/div><\/div><\/div>[vc_empty_space height=&#8221;30px&#8221;]<div class=\"ult-animation  ult-animate-viewport  ult-no-mobile \" data-animate=\"pulse\" data-animation-delay=\"1\" data-animation-duration=\"1\" data-animation-iteration=\"5\" style=\"opacity:0;\" data-opacity_start_effect=\"\">[vc_column_text]<\/p>\n<p style=\"text-align: center;\"><a class=\"head-link scroll\" href=\"#section2\"><i class=\"Defaults-angle-down\" style=\"\" aria-hidden=\"true\"><\/i><\/a><\/p>\n<p>[\/vc_column_text]<\/div>[\/vc_column][\/vc_row][vc_row full_width=&#8221;stretch_row&#8221; el_id=&#8221;section2&#8243;][vc_column width=&#8221;1\/2&#8243; el_class=&#8221;kurumsal-left&#8221;][vc_row_inner][vc_column_inner]<div class=\"ult-animation  ult-animate-viewport  ult-no-mobile \" data-animate=\"fadeIn\" data-animation-delay=\"0\" data-animation-duration=\"1\" data-animation-iteration=\"1\" style=\"opacity:0;\" data-opacity_start_effect=\"\">[vc_column_text]<\/p>\n<h1>Gear Manufacturing<\/h1>\n<p>It is able to produce in accordance with international standards by using the latest technology in the production of all kinds of helical gears, spur gears, straight bevel gears, sprockets, bevel helical gears, spiral bevel gears, hypoid (bevel gear) gears and shafts, with a wide variety of gear manufacturing.<\/p>\n<p><strong>Agricultural Machinery Gears, Construction Machinery Gears, Reducer Gears, Automotive Transmission and Transmission Gears<\/strong> are manufactured.[\/vc_column_text]<\/div><div class=\"ult-animation  ult-animate-viewport  ult-no-mobile \" data-animate=\"fadeIn\" data-animation-delay=\"0.5\" data-animation-duration=\"1\" data-animation-iteration=\"1\" style=\"opacity:0;\" data-opacity_start_effect=\"\">[vc_column_text]The capacities and gear diameters of our gear ranges;<\/p>\n<ul>\n<li>Straight and helical gears up to \u00d8 10 mm and \u00d8 1000 mm.<\/li>\n<li>Bevel gear final bevel up to \u00d8 25 mm and \u00d8 650 mm.<\/li>\n<li>They are internal gear groups up to \u00d8 20 mm and \u00d8 650 mm.<\/li>\n<\/ul>\n<p>[\/vc_column_text]<\/div>[\/vc_column_inner][\/vc_row_inner][\/vc_column][vc_column width=&#8221;1\/2&#8243;][vc_single_image image=&#8221;285&#8243; img_size=&#8221;large&#8221;][\/vc_column][\/vc_row][vc_row][vc_column]<div id=\"ultimate-heading-661469e392fb1ca6b\" class=\"uvc-heading ult-adjust-bottom-margin ultimate-heading-661469e392fb1ca6b uvc-4690 \" data-hspacer=\"no_spacer\"  data-halign=\"center\" style=\"text-align:center\"><div class=\"uvc-heading-spacer no_spacer\" style=\"top\"><\/div><div class=\"uvc-sub-heading ult-responsive\"  data-ultimate-target='.uvc-heading.ultimate-heading-661469e392fb1ca6b .uvc-sub-heading '  data-responsive-json-new='{\"font-size\":\"\",\"line-height\":\"\"}'  style=\"font-weight:normal;\"><\/p>\n<h2>OUR GEAR PRODUCTION GROUPS<\/h2>\n<p><\/div><\/div>[vc_column_text css=&#8221;.vc_custom_1705576973406{margin-bottom: 0px !important;padding-top: 5px !important;padding-right: 10px !important;padding-bottom: 5px !important;padding-left: 10px !important;background-color: #e5e5e5 !important;}&#8221; el_id=&#8221;d1&#8243; el_class=&#8221;kategori-baslik&#8221;]<\/p>\n<h2>Gears<\/h2>\n<p>[\/vc_column_text][vc_row_inner][vc_column_inner width=&#8221;1\/2&#8243;][vc_column_text]Industry gear manufacturing As Neonmakine, we manufacture and sell almost all gear and gear spare parts needed in the industry sector, with our engineers and technical personnel, equipment in our team in industry gear manufacturing.[\/vc_column_text][\/vc_column_inner][vc_column_inner width=&#8221;1\/6&#8243; css=&#8221;.vc_custom_1649421580434{margin-bottom: 0px !important;padding-bottom: 0px !important;}&#8221;][vc_single_image image=&#8221;286&#8243; img_size=&#8221;large&#8221; alignment=&#8221;center&#8221; onclick=&#8221;link_image&#8221; css_animation=&#8221;left-to-right&#8221;][\/vc_column_inner][vc_column_inner width=&#8221;1\/6&#8243;][vc_single_image image=&#8221;287&#8243; img_size=&#8221;large&#8221; alignment=&#8221;center&#8221; onclick=&#8221;link_image&#8221; css_animation=&#8221;appear&#8221;][\/vc_column_inner][vc_column_inner width=&#8221;1\/6&#8243; css=&#8221;.vc_custom_1649421595195{margin-bottom: 0px !important;padding-bottom: 0px !important;}&#8221;][vc_single_image image=&#8221;292&#8243; img_size=&#8221;large&#8221; alignment=&#8221;center&#8221; onclick=&#8221;link_image&#8221; css_animation=&#8221;right-to-left&#8221;][\/vc_column_inner][\/vc_row_inner][vc_column_text css=&#8221;.vc_custom_1650359685470{margin-bottom: 0px !important;padding-top: 5px !important;padding-right: 10px !important;padding-bottom: 5px !important;padding-left: 10px !important;background-color: #e5e5e5 !important;}&#8221; el_class=&#8221;kategori-baslik&#8221;]<\/p>\n<h2>Gears for Heavy Industry Machines<\/h2>\n<p>[\/vc_column_text][vc_row_inner][vc_column_inner width=&#8221;2\/3&#8243; css=&#8221;.vc_custom_1649421765377{margin-bottom: 0px !important;padding-bottom: 0px !important;}&#8221; offset=&#8221;vc_hidden-xs&#8221;][vc_column_text]In the production of Neonmakine gears, we produce the gears of the construction machinery. With the experience we have gained over the years, we manufacture gears for all brands of construction equipment. We complete our construction machinery gear manufacturing with great care and trouble-free manner with our engineers and quality personnel from start to finish.<\/p>\n<p>We are aware of how accurate the production of construction equipment gears should be made with accurate measurements, by applying special procedures in this regard, our company works very carefully not to miss even the smallest details. For this, we can detect even the smallest errors by using measuring devices such as SMM and Klingelnberg. You can save time and money by choosing our company in the gear manufacturing of construction machinery.[\/vc_column_text][\/vc_column_inner][vc_column_inner width=&#8221;1\/6&#8243; css=&#8221;.vc_custom_1649421741705{margin-bottom: 0px !important;padding-bottom: 0px !important;}&#8221;][vc_single_image image=&#8221;295&#8243; img_size=&#8221;large&#8221; alignment=&#8221;center&#8221; onclick=&#8221;link_image&#8221; css_animation=&#8221;left-to-right&#8221;][\/vc_column_inner][vc_column_inner width=&#8221;1\/6&#8243; css=&#8221;.vc_custom_1649421732891{margin-bottom: 0px !important;padding-bottom: 0px !important;}&#8221;][vc_single_image image=&#8221;296&#8243; img_size=&#8221;large&#8221; alignment=&#8221;center&#8221; onclick=&#8221;link_image&#8221; css_animation=&#8221;right-to-left&#8221;][\/vc_column_inner][\/vc_row_inner][vc_column_text css=&#8221;.vc_custom_1650359659006{margin-bottom: 0px !important;padding-top: 5px !important;padding-right: 10px !important;padding-bottom: 5px !important;padding-left: 10px !important;background-color: #e5e5e5 !important;}&#8221; el_class=&#8221;kategori-baslik&#8221; el_id=&#8221;d3&#8243;]<\/p>\n<h2>Gears for Agricultural Machines<\/h2>\n<p>[\/vc_column_text][vc_row_inner css=&#8221;.vc_custom_1507168801581{margin-bottom: 0px !important;}&#8221;][vc_column_inner width=&#8221;1\/2&#8243;][vc_column_text]We manufacture spare parts and gears for all kinds of agricultural machinery gears in our factory.<\/p>\n<p>Agricultural machinery gears are widely used in the agricultural industry. It has usage areas such as agricultural gears, tractors, agricultural machinery transmissions, feed mixed transmissions. Agricultural machinery gears are used in the mechanisms of tractors and agricultural vehicles. In general, they can be used with worm gears, helical gears, spur gears.[\/vc_column_text][\/vc_column_inner][vc_column_inner width=&#8221;1\/6&#8243; css=&#8221;.vc_custom_1649423358658{margin-bottom: 0px !important;padding-bottom: 0px !important;}&#8221;][vc_single_image image=&#8221;297&#8243; img_size=&#8221;large&#8221; alignment=&#8221;center&#8221; onclick=&#8221;link_image&#8221; css_animation=&#8221;left-to-right&#8221;][vc_single_image image=&#8221;301&#8243; img_size=&#8221;large&#8221; alignment=&#8221;center&#8221; onclick=&#8221;link_image&#8221; css_animation=&#8221;appear&#8221;][\/vc_column_inner][vc_column_inner width=&#8221;1\/6&#8243;][vc_single_image image=&#8221;302&#8243; img_size=&#8221;large&#8221; alignment=&#8221;center&#8221; onclick=&#8221;link_image&#8221; css_animation=&#8221;right-to-left&#8221;][vc_single_image image=&#8221;299&#8243; img_size=&#8221;large&#8221; alignment=&#8221;center&#8221; onclick=&#8221;link_image&#8221; css_animation=&#8221;right-to-left&#8221;][\/vc_column_inner][vc_column_inner width=&#8221;1\/6&#8243;][vc_single_image image=&#8221;298&#8243; img_size=&#8221;large&#8221; alignment=&#8221;center&#8221; onclick=&#8221;link_image&#8221; css_animation=&#8221;appear&#8221;][vc_single_image image=&#8221;300&#8243; img_size=&#8221;large&#8221; alignment=&#8221;center&#8221; onclick=&#8221;link_image&#8221; css_animation=&#8221;left-to-right&#8221;][\/vc_column_inner][\/vc_row_inner][vc_column_text css=&#8221;.vc_custom_1650359642446{margin-bottom: 0px !important;padding-top: 5px !important;padding-right: 10px !important;padding-bottom: 5px !important;padding-left: 10px !important;background-color: #e5e5e5 !important;}&#8221; el_class=&#8221;kategori-baslik&#8221; el_id=&#8221;d4&#8243;]<\/p>\n<h2>Bevel Gears for Agricultural Machines<\/h2>\n<p>[\/vc_column_text][vc_row_inner css=&#8221;.vc_custom_1507168832676{margin-bottom: 0px !important;}&#8221;][vc_column_inner width=&#8221;1\/3&#8243;][vc_column_text]One of the most important advantages of bevel gear wheels is that they are more durable compared to other gear types. Conical gears are preferred to meet high torque requirements under difficult conditions.<\/p>\n<p>Bevel Gear, as an element of power transmission systems, is widely used in the agricultural machinery industry and is a gear type that is generally used in 90 degree power transmissions and applications where it is required. Agricultural machinery bevel gears use one-way force as a 90 degree deflector to another direction horizontally or vertically, they can work at different angles depending on the way of use.[\/vc_column_text][\/vc_column_inner][vc_column_inner width=&#8221;1\/6&#8243; css=&#8221;.vc_custom_1649425381724{margin-bottom: 0px !important;padding-bottom: 0px !important;}&#8221;][vc_single_image image=&#8221;303&#8243; img_size=&#8221;large&#8221; alignment=&#8221;center&#8221; onclick=&#8221;link_image&#8221; css_animation=&#8221;left-to-right&#8221;][vc_single_image image=&#8221;307&#8243; img_size=&#8221;large&#8221; alignment=&#8221;center&#8221; onclick=&#8221;link_image&#8221; css_animation=&#8221;left-to-right&#8221;][\/vc_column_inner][vc_column_inner width=&#8221;1\/6&#8243; css=&#8221;.vc_custom_1649425390276{margin-bottom: 0px !important;padding-bottom: 0px !important;}&#8221;][vc_single_image image=&#8221;304&#8243; img_size=&#8221;large&#8221; alignment=&#8221;center&#8221; onclick=&#8221;link_image&#8221; css_animation=&#8221;appear&#8221;][vc_single_image image=&#8221;308&#8243; img_size=&#8221;large&#8221; alignment=&#8221;center&#8221; onclick=&#8221;link_image&#8221; css_animation=&#8221;appear&#8221;][\/vc_column_inner][vc_column_inner width=&#8221;1\/6&#8243; css=&#8221;.vc_custom_1649425398004{margin-bottom: 0px !important;padding-bottom: 0px !important;}&#8221;][vc_single_image image=&#8221;305&#8243; img_size=&#8221;large&#8221; alignment=&#8221;center&#8221; onclick=&#8221;link_image&#8221; css_animation=&#8221;appear&#8221;][vc_single_image image=&#8221;309&#8243; img_size=&#8221;large&#8221; alignment=&#8221;center&#8221; onclick=&#8221;link_image&#8221; css_animation=&#8221;appear&#8221;][\/vc_column_inner][vc_column_inner width=&#8221;1\/6&#8243;][vc_single_image image=&#8221;306&#8243; img_size=&#8221;large&#8221; alignment=&#8221;center&#8221; onclick=&#8221;link_image&#8221; css_animation=&#8221;right-to-left&#8221;][vc_single_image image=&#8221;310&#8243; img_size=&#8221;large&#8221; alignment=&#8221;center&#8221; onclick=&#8221;link_image&#8221; css_animation=&#8221;right-to-left&#8221;][\/vc_column_inner][\/vc_row_inner][\/vc_column][\/vc_row]<\/p>\n","protected":false},"excerpt":{"rendered":"<p>[vc_row full_width=&#8221;stretch_row&#8221; full_height=&#8221;yes&#8221; content_placement=&#8221;middle&#8221; bg_type=&#8221;image&#8221; parallax_style=&#8221;vcpb-default&#8221; bg_image_new=&#8221;id^284|url^http:\/\/neonmakine.com.tr\/wp-content\/uploads\/disli-uretim-gorsel-3.jpg|caption^null|alt^null|title^disli-uretim-gorsel-3|description^null&#8221; bg_image_repeat=&#8221;no-repeat&#8221; bg_img_attach=&#8221;fixed&#8221; enable_overlay=&#8221;enable_overlay_value&#8221; overlay_color=&#8221;rgba(10,10,10,0.28)&#8221; overlay_pattern=&#8221;transperant&#8221; overlay_pattern_opacity=&#8221;40&#8243; overlay_pattern_attachment=&#8221;fixed&#8221; seperator_enable=&#8221;seperator_enable_value&#8221; seperator_type=&#8221;xlarge_triangle_seperator&#8221; seperator_position=&#8221;bottom_seperator&#8221; seperator_shape_background=&#8221;#ffffff&#8221; color_style=&#8221;light&#8221; el_id=&#8221;section1&#8243;][vc_column][vc_empty_space height=&#8221;100px&#8221;][vc_empty_space height=&#8221;30px&#8221;][\/vc_column][\/vc_row][vc_row full_width=&#8221;stretch_row&#8221; el_id=&#8221;section2&#8243;][vc_column width=&#8221;1\/2&#8243; el_class=&#8221;kurumsal-left&#8221;][vc_row_inner][vc_column_inner][\/vc_column_inner][\/vc_row_inner][\/vc_column][vc_column<span class=\"excerpt-hellip\"> [?]<\/span><\/p>\n","protected":false},"author":2,"featured_media":0,"parent":0,"menu_order":0,"comment_status":"closed","ping_status":"closed","template":"","meta":[],"yoast_head":"<!-- This site is optimized with the Yoast SEO plugin v20.6 - https:\/\/yoast.com\/wordpress\/plugins\/seo\/ -->\n<title>Agricultural Machinery gears manufacturing | Reducer Gears<\/title>\n<meta name=\"description\" content=\"We manufacture and manufacture Agricultural Machinery Gears, Construction Machinery Gears, Reducer Gears, Automotive Transmission and Transmission Gears.\" \/>\n<meta name=\"robots\" content=\"index, follow, max-snippet:-1, max-image-preview:large, max-video-preview:-1\" \/>\n<link rel=\"canonical\" href=\"https:\/\/neonmakine.com.tr\/disliler\" \/>\n<meta property=\"og:locale\" content=\"en_US\" \/>\n<meta property=\"og:type\" content=\"article\" \/>\n<meta property=\"og:title\" content=\"Agricultural Machinery gears manufacturing | Reducer Gears\" \/>\n<meta property=\"og:description\" content=\"We manufacture and manufacture Agricultural Machinery Gears, Construction Machinery Gears, Reducer Gears, Automotive Transmission and Transmission Gears.\" \/>\n<meta property=\"og:url\" content=\"https:\/\/neonmakine.com.tr\/disliler\" \/>\n<meta property=\"og:site_name\" content=\"Neon Makine\" \/>\n<meta property=\"article:modified_time\" content=\"2024-01-22T12:39:11+00:00\" \/>\n<meta name=\"twitter:card\" content=\"summary_large_image\" \/>\n<meta name=\"twitter:label1\" content=\"Est. reading time\" \/>\n\t<meta name=\"twitter:data1\" content=\"7 minutes\" \/>\n<script type=\"application\/ld+json\" class=\"yoast-schema-graph\">{\"@context\":\"https:\/\/schema.org\",\"@graph\":[{\"@type\":\"WebPage\",\"@id\":\"https:\/\/neonmakine.com.tr\/disliler\",\"url\":\"https:\/\/neonmakine.com.tr\/disliler\",\"name\":\"Agricultural Machinery gears manufacturing | Reducer Gears\",\"isPartOf\":{\"@id\":\"https:\/\/neonmakine.com.tr\/#website\"},\"datePublished\":\"2017-10-03T21:13:05+00:00\",\"dateModified\":\"2024-01-22T12:39:11+00:00\",\"description\":\"We manufacture and manufacture Agricultural Machinery Gears, Construction Machinery Gears, Reducer Gears, Automotive Transmission and Transmission Gears.\",\"breadcrumb\":{\"@id\":\"https:\/\/neonmakine.com.tr\/disliler#breadcrumb\"},\"inLanguage\":\"en-US\",\"potentialAction\":[{\"@type\":\"ReadAction\",\"target\":[\"https:\/\/neonmakine.com.tr\/disliler\"]}]},{\"@type\":\"BreadcrumbList\",\"@id\":\"https:\/\/neonmakine.com.tr\/disliler#breadcrumb\",\"itemListElement\":[{\"@type\":\"ListItem\",\"position\":1,\"name\":\"Ana sayfa\",\"item\":\"https:\/\/neonmakine.com.tr\/en\"},{\"@type\":\"ListItem\",\"position\":2,\"name\":\"Gears\"}]},{\"@type\":\"WebSite\",\"@id\":\"https:\/\/neonmakine.com.tr\/#website\",\"url\":\"https:\/\/neonmakine.com.tr\/\",\"name\":\"Neon Makine\",\"description\":\"Neon Makine olarak 40 y\u0131ld\u0131r yurt i\u00e7i ve yurt d\u0131\u015f\u0131 \u00f6zel di\u015fli kutusu, di\u015fli tasar\u0131m\u0131 ve imalat\u0131 yapmaktad\u0131r.\",\"potentialAction\":[{\"@type\":\"SearchAction\",\"target\":{\"@type\":\"EntryPoint\",\"urlTemplate\":\"https:\/\/neonmakine.com.tr\/?s={search_term_string}\"},\"query-input\":\"required name=search_term_string\"}],\"inLanguage\":\"en-US\"}]}<\/script>\n<!-- \/ Yoast SEO plugin. -->","yoast_head_json":{"title":"Agricultural Machinery gears manufacturing | Reducer Gears","description":"We manufacture and manufacture Agricultural Machinery Gears, Construction Machinery Gears, Reducer Gears, Automotive Transmission and Transmission Gears.","robots":{"index":"index","follow":"follow","max-snippet":"max-snippet:-1","max-image-preview":"max-image-preview:large","max-video-preview":"max-video-preview:-1"},"canonical":"https:\/\/neonmakine.com.tr\/disliler","og_locale":"en_US","og_type":"article","og_title":"Agricultural Machinery gears manufacturing | Reducer Gears","og_description":"We manufacture and manufacture Agricultural Machinery Gears, Construction Machinery Gears, Reducer Gears, Automotive Transmission and Transmission Gears.","og_url":"https:\/\/neonmakine.com.tr\/disliler","og_site_name":"Neon Makine","article_modified_time":"2024-01-22T12:39:11+00:00","twitter_card":"summary_large_image","twitter_misc":{"Est. reading time":"7 minutes"},"schema":{"@context":"https:\/\/schema.org","@graph":[{"@type":"WebPage","@id":"https:\/\/neonmakine.com.tr\/disliler","url":"https:\/\/neonmakine.com.tr\/disliler","name":"Agricultural Machinery gears manufacturing | Reducer Gears","isPartOf":{"@id":"https:\/\/neonmakine.com.tr\/#website"},"datePublished":"2017-10-03T21:13:05+00:00","dateModified":"2024-01-22T12:39:11+00:00","description":"We manufacture and manufacture Agricultural Machinery Gears, Construction Machinery Gears, Reducer Gears, Automotive Transmission and Transmission Gears.","breadcrumb":{"@id":"https:\/\/neonmakine.com.tr\/disliler#breadcrumb"},"inLanguage":"en-US","potentialAction":[{"@type":"ReadAction","target":["https:\/\/neonmakine.com.tr\/disliler"]}]},{"@type":"BreadcrumbList","@id":"https:\/\/neonmakine.com.tr\/disliler#breadcrumb","itemListElement":[{"@type":"ListItem","position":1,"name":"Ana sayfa","item":"https:\/\/neonmakine.com.tr\/en"},{"@type":"ListItem","position":2,"name":"Gears"}]},{"@type":"WebSite","@id":"https:\/\/neonmakine.com.tr\/#website","url":"https:\/\/neonmakine.com.tr\/","name":"Neon Makine","description":"Neon Makine olarak 40 y\u0131ld\u0131r yurt i\u00e7i ve yurt d\u0131\u015f\u0131 \u00f6zel di\u015fli kutusu, di\u015fli tasar\u0131m\u0131 ve imalat\u0131 yapmaktad\u0131r.","potentialAction":[{"@type":"SearchAction","target":{"@type":"EntryPoint","urlTemplate":"https:\/\/neonmakine.com.tr\/?s={search_term_string}"},"query-input":"required name=search_term_string"}],"inLanguage":"en-US"}]}},"_links":{"self":[{"href":"https:\/\/neonmakine.com.tr\/en\/wp-json\/wp\/v2\/pages\/820"}],"collection":[{"href":"https:\/\/neonmakine.com.tr\/en\/wp-json\/wp\/v2\/pages"}],"about":[{"href":"https:\/\/neonmakine.com.tr\/en\/wp-json\/wp\/v2\/types\/page"}],"author":[{"embeddable":true,"href":"https:\/\/neonmakine.com.tr\/en\/wp-json\/wp\/v2\/users\/2"}],"replies":[{"embeddable":true,"href":"https:\/\/neonmakine.com.tr\/en\/wp-json\/wp\/v2\/comments?post=820"}],"version-history":[{"count":2,"href":"https:\/\/neonmakine.com.tr\/en\/wp-json\/wp\/v2\/pages\/820\/revisions"}],"predecessor-version":[{"id":1046,"href":"https:\/\/neonmakine.com.tr\/en\/wp-json\/wp\/v2\/pages\/820\/revisions\/1046"}],"wp:attachment":[{"href":"https:\/\/neonmakine.com.tr\/en\/wp-json\/wp\/v2\/media?parent=820"}],"curies":[{"name":"wp","href":"https:\/\/api.w.org\/{rel}","templated":true}]}}