{"id":443,"date":"2017-11-10T23:54:09","date_gmt":"2017-11-10T21:54:09","guid":{"rendered":"http:\/\/neonmakine.com.tr?page_id=443"},"modified":"2025-01-07T10:05:34","modified_gmt":"2025-01-07T07:05:34","slug":"contact","status":"publish","type":"page","link":"https:\/\/neonmakine.com.tr\/en\/contact","title":{"rendered":"Contact"},"content":{"rendered":"<p>[vc_row full_width=&#8221;stretch_row&#8221; content_placement=&#8221;middle&#8221; bg_type=&#8221;image&#8221; parallax_style=&#8221;vcpb-default&#8221; bg_image_new=&#8221;id^263|url^http:\/\/neonmakine.com.tr\/wp-content\/uploads\/banner-contactus.jpg|caption^null|alt^null|title^banner-contactus|description^null&#8221; bg_image_repeat=&#8221;no-repeat&#8221; bg_img_attach=&#8221;fixed&#8221; enable_overlay=&#8221;enable_overlay_value&#8221; overlay_color=&#8221;rgba(10,10,10,0.28)&#8221; overlay_pattern=&#8221;transperant&#8221; overlay_pattern_opacity=&#8221;40&#8243; overlay_pattern_attachment=&#8221;fixed&#8221; seperator_enable=&#8221;seperator_enable_value&#8221; seperator_type=&#8221;xlarge_triangle_seperator&#8221; seperator_position=&#8221;bottom_seperator&#8221; seperator_shape_background=&#8221;#ffffff&#8221; color_style=&#8221;light&#8221; el_id=&#8221;section1&#8243;][vc_column][vc_empty_space height=&#8221;100px&#8221;]<div class=\"ult-animation  ult-animate-viewport  ult-no-mobile \" data-animate=\"fadeIn\" data-animation-delay=\"0\" data-animation-duration=\"1\" data-animation-iteration=\"1\" style=\"opacity:0;\" data-opacity_start_effect=\"\">[vc_empty_space height=&#8221;30px&#8221;]<div id=\"ultimate-heading-144969e3764063223\" class=\"uvc-heading ult-adjust-bottom-margin ultimate-heading-144969e3764063223 uvc-2844 \" data-hspacer=\"no_spacer\"  data-halign=\"center\" style=\"text-align:center\"><div class=\"uvc-heading-spacer no_spacer\" style=\"top\"><\/div><div class=\"uvc-main-heading ult-responsive\"  data-ultimate-target='.uvc-heading.ultimate-heading-144969e3764063223 h1'  data-responsive-json-new='{\"font-size\":\"\",\"line-height\":\"\"}' ><h1 style=\"font-weight:normal;color:#ffffff;\">CONTACT<\/h1><\/div><\/div><\/div>[vc_empty_space height=&#8221;30px&#8221;]<div class=\"ult-animation  ult-animate-viewport  ult-no-mobile \" data-animate=\"pulse\" data-animation-delay=\"1\" data-animation-duration=\"1\" data-animation-iteration=\"5\" style=\"opacity:0;\" data-opacity_start_effect=\"\">[vc_column_text]<\/p>\n<p style=\"text-align: center;\"><a class=\"head-link scroll\" href=\"#section2\"><i class=\"Defaults-angle-down\" style=\"\" aria-hidden=\"true\"><\/i><\/a><\/p>\n<p>[\/vc_column_text]<\/div>[\/vc_column][\/vc_row][vc_row full_width=&#8221;stretch_row&#8221; el_id=&#8221;section2&#8243;][vc_column el_class=&#8221;kurumsal-left&#8221;][vc_row_inner][vc_column_inner width=&#8221;1\/3&#8243;]<div class=\"ult-animation  ult-animate-viewport  ult-no-mobile \" data-animate=\"fadeIn\" data-animation-delay=\"0\" data-animation-duration=\"1\" data-animation-iteration=\"1\" style=\"opacity:0;\" data-opacity_start_effect=\"\">[vc_column_text]<\/p>\n<h3>CONTACT FORM<\/h3>\n<p>[\/vc_column_text]<\/div><script type=\"text\/javascript\">var gform;gform||(document.addEventListener(\"gform_main_scripts_loaded\",function(){gform.scriptsLoaded=!0}),window.addEventListener(\"DOMContentLoaded\",function(){gform.domLoaded=!0}),gform={domLoaded:!1,scriptsLoaded:!1,initializeOnLoaded:function(o){gform.domLoaded&&gform.scriptsLoaded?o():!gform.domLoaded&&gform.scriptsLoaded?window.addEventListener(\"DOMContentLoaded\",o):document.addEventListener(\"gform_main_scripts_loaded\",o)},hooks:{action:{},filter:{}},addAction:function(o,n,r,t){gform.addHook(\"action\",o,n,r,t)},addFilter:function(o,n,r,t){gform.addHook(\"filter\",o,n,r,t)},doAction:function(o){gform.doHook(\"action\",o,arguments)},applyFilters:function(o){return gform.doHook(\"filter\",o,arguments)},removeAction:function(o,n){gform.removeHook(\"action\",o,n)},removeFilter:function(o,n,r){gform.removeHook(\"filter\",o,n,r)},addHook:function(o,n,r,t,i){null==gform.hooks[o][n]&&(gform.hooks[o][n]=[]);var e=gform.hooks[o][n];null==i&&(i=n+\"_\"+e.length),gform.hooks[o][n].push({tag:i,callable:r,priority:t=null==t?10:t})},doHook:function(n,o,r){var t;if(r=Array.prototype.slice.call(r,1),null!=gform.hooks[n][o]&&((o=gform.hooks[n][o]).sort(function(o,n){return o.priority-n.priority}),o.forEach(function(o){\"function\"!=typeof(t=o.callable)&&(t=window[t]),\"action\"==n?t.apply(null,r):r[0]=t.apply(null,r)})),\"filter\"==n)return r[0]},removeHook:function(o,n,t,i){var r;null!=gform.hooks[o][n]&&(r=(r=gform.hooks[o][n]).filter(function(o,n,r){return!!(null!=i&&i!=o.tag||null!=t&&t!=o.priority)}),gform.hooks[o][n]=r)}});<\/script>\n                <div class='gf_browser_gecko gform_wrapper gform_legacy_markup_wrapper' id='gform_wrapper_5' ><div id='gf_5' class='gform_anchor' tabindex='-1'><\/div><form method='post' enctype='multipart\/form-data' target='gform_ajax_frame_5' id='gform_5'  action='\/en\/wp-json\/wp\/v2\/pages\/443#gf_5' >\n                        <div class='gform_body gform-body'><ul id='gform_fields_5' class='gform_fields top_label form_sublabel_below description_below'><li id=\"field_5_1\"  class=\"gfield hiddenlabel gf_left_half gfield_contains_required field_sublabel_below field_description_below gfield_visibility_visible\"  data-js-reload=\"field_5_1\"><label class='gfield_label screen-reader-text' for='input_5_1' >Name Surname<span class=\"gfield_required\"><span class=\"gfield_required gfield_required_asterisk\">*<\/span><\/span><\/label><div class='ginput_container ginput_container_text'><input name='input_1' id='input_5_1' type='text' value='' class='medium'    placeholder='Name Surname' aria-required=\"true\" aria-invalid=\"false\"   \/> <\/div><\/li><li id=\"field_5_3\"  class=\"gfield hiddenlabel gf_right_half field_sublabel_below field_description_below gfield_visibility_visible\"  data-js-reload=\"field_5_3\"><label class='gfield_label screen-reader-text' for='input_5_3' >Title<\/label><div class='ginput_container ginput_container_text'><input name='input_3' id='input_5_3' type='text' value='' class='medium'    placeholder='Title'  aria-invalid=\"false\"   \/> <\/div><\/li><li id=\"field_5_2\"  class=\"gfield hiddenlabel field_sublabel_below field_description_below gfield_visibility_visible\"  data-js-reload=\"field_5_2\"><label class='gfield_label screen-reader-text' for='input_5_2' >Your Company<\/label><div class='ginput_container ginput_container_text'><input name='input_2' id='input_5_2' type='text' value='' class='large'    placeholder='Your Company'  aria-invalid=\"false\"   \/> <\/div><\/li><li id=\"field_5_5\"  class=\"gfield hiddenlabel gf_left_half gfield_contains_required field_sublabel_below field_description_below gfield_visibility_visible\"  data-js-reload=\"field_5_5\"><label class='gfield_label screen-reader-text' for='input_5_5' >Phone<span class=\"gfield_required\"><span class=\"gfield_required gfield_required_asterisk\">*<\/span><\/span><\/label><div class='ginput_container ginput_container_text'><input name='input_5' id='input_5_5' type='text' value='' class='medium'    placeholder='Phone' aria-required=\"true\" aria-invalid=\"false\"   \/> <\/div><\/li><li id=\"field_5_6\"  class=\"gfield hiddenlabel gf_right_half gfield_contains_required field_sublabel_below field_description_below gfield_visibility_visible\"  data-js-reload=\"field_5_6\"><label class='gfield_label screen-reader-text' for='input_5_6' >E-mail<span class=\"gfield_required\"><span class=\"gfield_required gfield_required_asterisk\">*<\/span><\/span><\/label><div class='ginput_container ginput_container_email'>\n                            <input name='input_6' id='input_5_6' type='text' value='' class='medium'   placeholder='E-mail' aria-required=\"true\" aria-invalid=\"false\"  \/>\n                        <\/div><\/li><li id=\"field_5_9\"  class=\"gfield hiddenlabel field_sublabel_below field_description_below gfield_visibility_visible\"  data-js-reload=\"field_5_9\"><label class='gfield_label screen-reader-text' for='input_5_9' >Message<\/label><div class='ginput_container ginput_container_textarea'><textarea name='input_9' id='input_5_9' class='textarea large'    placeholder='Message'  aria-invalid=\"false\"   rows='10' cols='50'><\/textarea><\/div><\/li><li id=\"field_5_10\"  class=\"gfield field_sublabel_below field_description_below gfield_visibility_visible\"  data-js-reload=\"field_5_10\"><label class='gfield_label' for='input_5_10' >Do\u011frulay\u0131n<\/label><div id='input_5_10' class='ginput_container ginput_recaptcha' data-sitekey='6LcdNTMUAAAAAMRqiOX28MOOdT11Q3sEXdbAWtL6'  data-theme='light' data-tabindex='0'  data-badge=''><\/div><\/li><li id=\"field_5_11\"  class=\"gfield gform_validation_container field_sublabel_below field_description_below gfield_visibility_visible\"  data-js-reload=\"field_5_11\"><label class='gfield_label' for='input_5_11' >Comments<\/label><div class='ginput_container'><input name='input_11' id='input_5_11' type='text' value='' \/><\/div><div class='gfield_description' id='gfield_description_5_11'>This field is for validation purposes and should be left unchanged.<\/div><\/li><\/ul><\/div>\n        <div class='gform_footer top_label'> <input type='submit' id='gform_submit_button_5' class='gform_button button' value='SUBMIT'  onclick='if(window[\"gf_submitting_5\"]){return false;}  window[\"gf_submitting_5\"]=true;  ' onkeypress='if( event.keyCode == 13 ){ if(window[\"gf_submitting_5\"]){return false;} window[\"gf_submitting_5\"]=true;  jQuery(\"#gform_5\").trigger(\"submit\",[true]); }' \/> <input type='hidden' name='gform_ajax' value='form_id=5&amp;title=&amp;description=&amp;tabindex=0' \/>\n            <input type='hidden' class='gform_hidden' name='is_submit_5' value='1' \/>\n            <input type='hidden' class='gform_hidden' name='gform_submit' value='5' \/>\n            \n            <input type='hidden' class='gform_hidden' name='gform_unique_id' value='' \/>\n            <input type='hidden' class='gform_hidden' name='state_5' value='WyJbXSIsIjkxOTk4ZTU2MDAyZTEwNGFkZWVkZDMxNTY3N2M2MzU5Il0=' \/>\n            <input type='hidden' class='gform_hidden' name='gform_target_page_number_5' id='gform_target_page_number_5' value='0' \/>\n            <input type='hidden' class='gform_hidden' name='gform_source_page_number_5' id='gform_source_page_number_5' value='1' \/>\n            <input type='hidden' name='gform_field_values' value='' \/>\n            \n        <\/div>\n                        <\/form>\n                        <\/div>\n                <iframe style='display:none;width:0px;height:0px;' src='about:blank' name='gform_ajax_frame_5' id='gform_ajax_frame_5' title='This iframe contains the logic required to handle Ajax powered Gravity Forms.'><\/iframe>\n                <script type=\"text\/javascript\">\ngform.initializeOnLoaded( function() {gformInitSpinner( 5, 'https:\/\/neonmakine.com.tr\/wp-content\/plugins\/gravityforms\/images\/spinner.svg' );jQuery('#gform_ajax_frame_5').on('load',function(){var contents = jQuery(this).contents().find('*').html();var is_postback = contents.indexOf('GF_AJAX_POSTBACK') >= 0;if(!is_postback){return;}var form_content = jQuery(this).contents().find('#gform_wrapper_5');var is_confirmation = jQuery(this).contents().find('#gform_confirmation_wrapper_5').length > 0;var is_redirect = contents.indexOf('gformRedirect(){') >= 0;var is_form = form_content.length > 0 && ! is_redirect && ! is_confirmation;var mt = parseInt(jQuery('html').css('margin-top'), 10) + parseInt(jQuery('body').css('margin-top'), 10) + 100;if(is_form){jQuery('#gform_wrapper_5').html(form_content.html());if(form_content.hasClass('gform_validation_error')){jQuery('#gform_wrapper_5').addClass('gform_validation_error');} else {jQuery('#gform_wrapper_5').removeClass('gform_validation_error');}setTimeout( function() { \/* delay the scroll by 50 milliseconds to fix a bug in chrome *\/ jQuery(document).scrollTop(jQuery('#gform_wrapper_5').offset().top - mt); }, 50 );if(window['gformInitDatepicker']) {gformInitDatepicker();}if(window['gformInitPriceFields']) {gformInitPriceFields();}var current_page = jQuery('#gform_source_page_number_5').val();gformInitSpinner( 5, 'https:\/\/neonmakine.com.tr\/wp-content\/plugins\/gravityforms\/images\/spinner.svg' );jQuery(document).trigger('gform_page_loaded', [5, current_page]);window['gf_submitting_5'] = false;}else if(!is_redirect){var confirmation_content = jQuery(this).contents().find('.GF_AJAX_POSTBACK').html();if(!confirmation_content){confirmation_content = contents;}setTimeout(function(){jQuery('#gform_wrapper_5').replaceWith(confirmation_content);jQuery(document).scrollTop(jQuery('#gf_5').offset().top - mt);jQuery(document).trigger('gform_confirmation_loaded', [5]);window['gf_submitting_5'] = false;wp.a11y.speak(jQuery('#gform_confirmation_message_5').text());}, 50);}else{jQuery('#gform_5').append(contents);if(window['gformRedirect']) {gformRedirect();}}jQuery(document).trigger('gform_post_render', [5, current_page]);} );} );\n<\/script>\n[\/vc_column_inner][vc_column_inner width=&#8221;2\/3&#8243;][vc_column_text css=&#8221;.vc_custom_1510351503811{margin-bottom: 10px !important;}&#8221;]<\/p>\n<h3 style=\"text-align: right; margin-bottom: 0px;\">CONTACT US<\/h3>\n<p>[\/vc_column_text]<div class=\"get_in_touch\" ><h3>Neon Makine San. ve Tic. Ltd. \u015eti.<\/h3><div class=\"get_in_touch_wrapper\"><ul><li class=\"address\"><span class=\"icon\"><i class=\"icon-location\" aria-label=\"address\"><\/i><\/span><span class=\"address_wrapper\">Kemalpa\u015fa OSB, 27. Sk. NO:2, 35730 Kemalpa\u015fa \/ IZMIR<\/span><\/li><li class=\"phone phone-1\"><span class=\"icon\"><i class=\"icon-phone\" aria-label=\"phone\"><\/i><\/span><p><a href=\"tel:+90(232)4351164\">+90 (232) 435 11 64<\/a><\/p><\/li><li class=\"phone phone-2\"><span class=\"icon\"><i class=\"icon-phone\" aria-label=\"phone\"><\/i><\/span><p><a href=\"tel:+90(232)4354229\">+90 (232) 435 42 29<\/a><\/p><\/li><li class=\"phone fax\"><span class=\"icon\"><i class=\"icon-print\" aria-label=\"fax\"><\/i><\/span><p><a href=\"fax:+90(232)4357084\">+90 (232) 435 70 84<\/a><\/p><\/li><li class=\"mail\"><span class=\"icon\"><i class=\"icon-mail\" aria-label=\"mail\"><\/i><\/span><p><a href=\"mailto:info@neonmakine.com.tr\">info@neonmakine.com.tr<\/a><\/p><\/li><li class=\"www\"><span class=\"icon\"><i class=\"icon-link\"><\/i><\/span><p><a target=\"_blank\" href=\"https:\/\/www.neonmakine.com.tr\">www.neonmakine.com.tr<\/a><\/p><\/li><\/ul><\/div><\/div>\n<div class=\"google-map-wrapper has_border\"><div class=\"google-map\" id=\"google-map-area-69e3764073418\" style=\"width:100%; height:400px; \">&nbsp;<\/div><\/div>\n[vc_column_text]<\/p>\n<p style=\"text-align: right;\">For e-archive invoices and reconciliation; <a href=\"mailto:efatura@neonmakine.com.tr\" target=\"_blank\" rel=\"noopener\">efatura@neonmakine.com.tr<\/a><\/p>\n<p>[\/vc_column_text][\/vc_column_inner][\/vc_row_inner][\/vc_column][\/vc_row]<\/p>\n","protected":false},"excerpt":{"rendered":"<p>[vc_row full_width=&#8221;stretch_row&#8221; content_placement=&#8221;middle&#8221; bg_type=&#8221;image&#8221; parallax_style=&#8221;vcpb-default&#8221; bg_image_new=&#8221;id^263|url^http:\/\/neonmakine.com.tr\/wp-content\/uploads\/banner-contactus.jpg|caption^null|alt^null|title^banner-contactus|description^null&#8221; bg_image_repeat=&#8221;no-repeat&#8221; bg_img_attach=&#8221;fixed&#8221; enable_overlay=&#8221;enable_overlay_value&#8221; overlay_color=&#8221;rgba(10,10,10,0.28)&#8221; overlay_pattern=&#8221;transperant&#8221; overlay_pattern_opacity=&#8221;40&#8243; overlay_pattern_attachment=&#8221;fixed&#8221; seperator_enable=&#8221;seperator_enable_value&#8221; seperator_type=&#8221;xlarge_triangle_seperator&#8221; seperator_position=&#8221;bottom_seperator&#8221; seperator_shape_background=&#8221;#ffffff&#8221; color_style=&#8221;light&#8221; el_id=&#8221;section1&#8243;][vc_column][vc_empty_space height=&#8221;100px&#8221;][vc_empty_space height=&#8221;30px&#8221;][\/vc_column][\/vc_row][vc_row full_width=&#8221;stretch_row&#8221; el_id=&#8221;section2&#8243;][vc_column el_class=&#8221;kurumsal-left&#8221;][vc_row_inner][vc_column_inner width=&#8221;1\/3&#8243;][\/vc_column_inner][vc_column_inner width=&#8221;2\/3&#8243;][vc_column_text<span class=\"excerpt-hellip\"> [?]<\/span><\/p>\n","protected":false},"author":2,"featured_media":0,"parent":0,"menu_order":0,"comment_status":"closed","ping_status":"closed","template":"","meta":[],"yoast_head":"<!-- This site is optimized with the Yoast SEO plugin v20.6 - https:\/\/yoast.com\/wordpress\/plugins\/seo\/ -->\n<title>Contact | Neon Makine<\/title>\n<meta name=\"robots\" content=\"index, follow, max-snippet:-1, max-image-preview:large, max-video-preview:-1\" \/>\n<link rel=\"canonical\" href=\"https:\/\/neonmakine.com.tr\/iletisim\" \/>\n<meta property=\"og:locale\" content=\"en_US\" \/>\n<meta property=\"og:type\" content=\"article\" \/>\n<meta property=\"og:title\" content=\"Contact | Neon Makine\" \/>\n<meta property=\"og:description\" content=\"\" \/>\n<meta property=\"og:url\" content=\"https:\/\/neonmakine.com.tr\/iletisim\" \/>\n<meta property=\"og:site_name\" content=\"Neon Makine\" \/>\n<meta property=\"article:modified_time\" content=\"2025-01-07T07:05:34+00:00\" \/>\n<meta name=\"twitter:card\" content=\"summary_large_image\" \/>\n<meta name=\"twitter:label1\" content=\"Est. reading time\" \/>\n\t<meta name=\"twitter:data1\" content=\"2 minutes\" \/>\n<script type=\"application\/ld+json\" class=\"yoast-schema-graph\">{\"@context\":\"https:\/\/schema.org\",\"@graph\":[{\"@type\":\"WebPage\",\"@id\":\"https:\/\/neonmakine.com.tr\/iletisim\",\"url\":\"https:\/\/neonmakine.com.tr\/iletisim\",\"name\":\"Contact | Neon Makine\",\"isPartOf\":{\"@id\":\"https:\/\/neonmakine.com.tr\/#website\"},\"datePublished\":\"2017-11-10T21:54:09+00:00\",\"dateModified\":\"2025-01-07T07:05:34+00:00\",\"breadcrumb\":{\"@id\":\"https:\/\/neonmakine.com.tr\/iletisim#breadcrumb\"},\"inLanguage\":\"en-US\",\"potentialAction\":[{\"@type\":\"ReadAction\",\"target\":[\"https:\/\/neonmakine.com.tr\/iletisim\"]}]},{\"@type\":\"BreadcrumbList\",\"@id\":\"https:\/\/neonmakine.com.tr\/iletisim#breadcrumb\",\"itemListElement\":[{\"@type\":\"ListItem\",\"position\":1,\"name\":\"Ana sayfa\",\"item\":\"https:\/\/neonmakine.com.tr\/en\"},{\"@type\":\"ListItem\",\"position\":2,\"name\":\"Contact\"}]},{\"@type\":\"WebSite\",\"@id\":\"https:\/\/neonmakine.com.tr\/#website\",\"url\":\"https:\/\/neonmakine.com.tr\/\",\"name\":\"Neon Makine\",\"description\":\"Neon Makine olarak 40 y\u0131ld\u0131r yurt i\u00e7i ve yurt d\u0131\u015f\u0131 \u00f6zel di\u015fli kutusu, di\u015fli tasar\u0131m\u0131 ve imalat\u0131 yapmaktad\u0131r.\",\"potentialAction\":[{\"@type\":\"SearchAction\",\"target\":{\"@type\":\"EntryPoint\",\"urlTemplate\":\"https:\/\/neonmakine.com.tr\/?s={search_term_string}\"},\"query-input\":\"required name=search_term_string\"}],\"inLanguage\":\"en-US\"}]}<\/script>\n<!-- \/ Yoast SEO plugin. -->","yoast_head_json":{"title":"Contact | Neon Makine","robots":{"index":"index","follow":"follow","max-snippet":"max-snippet:-1","max-image-preview":"max-image-preview:large","max-video-preview":"max-video-preview:-1"},"canonical":"https:\/\/neonmakine.com.tr\/iletisim","og_locale":"en_US","og_type":"article","og_title":"Contact | Neon Makine","og_description":"[vc_row full_width=&#8221;stretch_row&#8221; content_placement=&#8221;middle&#8221; bg_type=&#8221;image&#8221; parallax_style=&#8221;vcpb-default&#8221; bg_image_new=&#8221;id^263|url^http:\/\/neonmakine.com.tr\/wp-content\/uploads\/banner-contactus.jpg|caption^null|alt^null|title^banner-contactus|description^null&#8221; bg_image_repeat=&#8221;no-repeat&#8221; bg_img_attach=&#8221;fixed&#8221; enable_overlay=&#8221;enable_overlay_value&#8221; overlay_color=&#8221;rgba(10,10,10,0.28)&#8221; overlay_pattern=&#8221;transperant&#8221; overlay_pattern_opacity=&#8221;40&#8243; overlay_pattern_attachment=&#8221;fixed&#8221; seperator_enable=&#8221;seperator_enable_value&#8221; seperator_type=&#8221;xlarge_triangle_seperator&#8221; seperator_position=&#8221;bottom_seperator&#8221; seperator_shape_background=&#8221;#ffffff&#8221; color_style=&#8221;light&#8221; el_id=&#8221;section1&#8243;][vc_column][vc_empty_space height=&#8221;100px&#8221;][vc_empty_space height=&#8221;30px&#8221;][\/vc_column][\/vc_row][vc_row full_width=&#8221;stretch_row&#8221; el_id=&#8221;section2&#8243;][vc_column el_class=&#8221;kurumsal-left&#8221;][vc_row_inner][vc_column_inner width=&#8221;1\/3&#8243;][\/vc_column_inner][vc_column_inner width=&#8221;2\/3&#8243;][vc_column_text [?]","og_url":"https:\/\/neonmakine.com.tr\/iletisim","og_site_name":"Neon Makine","article_modified_time":"2025-01-07T07:05:34+00:00","twitter_card":"summary_large_image","twitter_misc":{"Est. reading time":"2 minutes"},"schema":{"@context":"https:\/\/schema.org","@graph":[{"@type":"WebPage","@id":"https:\/\/neonmakine.com.tr\/iletisim","url":"https:\/\/neonmakine.com.tr\/iletisim","name":"Contact | Neon Makine","isPartOf":{"@id":"https:\/\/neonmakine.com.tr\/#website"},"datePublished":"2017-11-10T21:54:09+00:00","dateModified":"2025-01-07T07:05:34+00:00","breadcrumb":{"@id":"https:\/\/neonmakine.com.tr\/iletisim#breadcrumb"},"inLanguage":"en-US","potentialAction":[{"@type":"ReadAction","target":["https:\/\/neonmakine.com.tr\/iletisim"]}]},{"@type":"BreadcrumbList","@id":"https:\/\/neonmakine.com.tr\/iletisim#breadcrumb","itemListElement":[{"@type":"ListItem","position":1,"name":"Ana sayfa","item":"https:\/\/neonmakine.com.tr\/en"},{"@type":"ListItem","position":2,"name":"Contact"}]},{"@type":"WebSite","@id":"https:\/\/neonmakine.com.tr\/#website","url":"https:\/\/neonmakine.com.tr\/","name":"Neon Makine","description":"Neon Makine olarak 40 y\u0131ld\u0131r yurt i\u00e7i ve yurt d\u0131\u015f\u0131 \u00f6zel di\u015fli kutusu, di\u015fli tasar\u0131m\u0131 ve imalat\u0131 yapmaktad\u0131r.","potentialAction":[{"@type":"SearchAction","target":{"@type":"EntryPoint","urlTemplate":"https:\/\/neonmakine.com.tr\/?s={search_term_string}"},"query-input":"required name=search_term_string"}],"inLanguage":"en-US"}]}},"_links":{"self":[{"href":"https:\/\/neonmakine.com.tr\/en\/wp-json\/wp\/v2\/pages\/443"}],"collection":[{"href":"https:\/\/neonmakine.com.tr\/en\/wp-json\/wp\/v2\/pages"}],"about":[{"href":"https:\/\/neonmakine.com.tr\/en\/wp-json\/wp\/v2\/types\/page"}],"author":[{"embeddable":true,"href":"https:\/\/neonmakine.com.tr\/en\/wp-json\/wp\/v2\/users\/2"}],"replies":[{"embeddable":true,"href":"https:\/\/neonmakine.com.tr\/en\/wp-json\/wp\/v2\/comments?post=443"}],"version-history":[{"count":1,"href":"https:\/\/neonmakine.com.tr\/en\/wp-json\/wp\/v2\/pages\/443\/revisions"}],"predecessor-version":[{"id":1123,"href":"https:\/\/neonmakine.com.tr\/en\/wp-json\/wp\/v2\/pages\/443\/revisions\/1123"}],"wp:attachment":[{"href":"https:\/\/neonmakine.com.tr\/en\/wp-json\/wp\/v2\/media?parent=443"}],"curies":[{"name":"wp","href":"https:\/\/api.w.org\/{rel}","templated":true}]}}