{"id":437,"date":"2017-11-10T22:47:27","date_gmt":"2017-11-10T20:47:27","guid":{"rendered":"http:\/\/neonmakine.com.tr?page_id=437"},"modified":"2022-04-19T13:22:02","modified_gmt":"2022-04-19T10:22:02","slug":"gearboxes","status":"publish","type":"page","link":"https:\/\/neonmakine.com.tr\/en\/gearboxes","title":{"rendered":"Gearboxes"},"content":{"rendered":"<p>[vc_row full_width=&#8221;stretch_row&#8221; full_height=&#8221;yes&#8221; content_placement=&#8221;middle&#8221; bg_type=&#8221;image&#8221; parallax_style=&#8221;vcpb-default&#8221; bg_image_new=&#8221;id^216|url^http:\/\/neonmakine.com.tr\/wp-content\/uploads\/neon-makine-fabrika-22.jpg|caption^null|alt^null|title^neon-makine-fabrika-22|description^null&#8221; bg_image_repeat=&#8221;no-repeat&#8221; bg_img_attach=&#8221;fixed&#8221; enable_overlay=&#8221;enable_overlay_value&#8221; overlay_color=&#8221;rgba(10,10,10,0.28)&#8221; overlay_pattern=&#8221;transperant&#8221; overlay_pattern_opacity=&#8221;40&#8243; overlay_pattern_attachment=&#8221;fixed&#8221; seperator_enable=&#8221;seperator_enable_value&#8221; seperator_type=&#8221;xlarge_triangle_seperator&#8221; seperator_position=&#8221;bottom_seperator&#8221; seperator_shape_background=&#8221;#ffffff&#8221; color_style=&#8221;light&#8221; el_id=&#8221;section1&#8243;][vc_column][vc_empty_space height=&#8221;100px&#8221;]<div class=\"ult-animation  ult-animate-viewport  ult-no-mobile \" data-animate=\"fadeIn\" data-animation-delay=\"0\" data-animation-duration=\"1\" data-animation-iteration=\"1\" style=\"opacity:0;\" data-opacity_start_effect=\"\"><div id=\"ultimate-heading-79469e377cf16dbc\" class=\"uvc-heading ult-adjust-bottom-margin ultimate-heading-79469e377cf16dbc uvc-4832 \" data-hspacer=\"no_spacer\"  data-halign=\"center\" style=\"text-align:center\"><div class=\"uvc-heading-spacer no_spacer\" style=\"top\"><\/div><div class=\"uvc-sub-heading ult-responsive\"  data-ultimate-target='.uvc-heading.ultimate-heading-79469e377cf16dbc .uvc-sub-heading '  data-responsive-json-new='{\"font-size\":\"\",\"line-height\":\"\"}'  style=\"font-weight:normal;color:#ffffff;\"><\/p>\n<h2><span style=\"font-size: 200%;\"><span style=\"color: white;\">GEARBOXES<\/span><\/span><\/h2>\n<p>world class standards\u2026<\/div><\/div><\/div>[vc_empty_space height=&#8221;30px&#8221;]<div class=\"ult-animation  ult-animate-viewport  ult-no-mobile \" data-animate=\"pulse\" data-animation-delay=\"1\" data-animation-duration=\"1\" data-animation-iteration=\"5\" style=\"opacity:0;\" data-opacity_start_effect=\"\">[vc_column_text]<\/p>\n<p style=\"text-align: center;\"><a class=\"head-link scroll\" href=\"#section2\"><i class=\"Defaults-angle-down\" style=\"\" aria-hidden=\"true\"><\/i><\/a><\/p>\n<p>[\/vc_column_text]<\/div>[\/vc_column][\/vc_row][vc_row full_width=&#8221;stretch_row&#8221; el_id=&#8221;section2&#8243;][vc_column width=&#8221;1\/3&#8243; el_class=&#8221;kurumsal-left&#8221;][vc_row_inner][vc_column_inner]<div class=\"ult-animation  ult-animate-viewport  ult-no-mobile \" data-animate=\"fadeIn\" data-animation-delay=\"0\" data-animation-duration=\"1\" data-animation-iteration=\"1\" style=\"opacity:0;\" data-opacity_start_effect=\"\">[vc_column_text]<\/p>\n<h1><span style=\"font-size: 34px;\">GEARBOX MANUFACTURING<\/span><\/h1>\n<p>It can produce in accordance with international standards by using the latest technology in gearbox production.[\/vc_column_text]<\/div><div class=\"ult-animation  ult-animate-viewport  ult-no-mobile \" data-animate=\"fadeIn\" data-animation-delay=\"0.5\" data-animation-duration=\"1\" data-animation-iteration=\"1\" style=\"opacity:0;\" data-opacity_start_effect=\"\">[vc_column_text][\/vc_column_text]<\/div>[\/vc_column_inner][\/vc_row_inner][\/vc_column][vc_column width=&#8221;2\/3&#8243;][vc_single_image image=&#8221;376&#8243; img_size=&#8221;large&#8221;][\/vc_column][\/vc_row][vc_row][vc_column]<div id=\"ultimate-heading-583669e377cf16fc9\" class=\"uvc-heading ult-adjust-bottom-margin ultimate-heading-583669e377cf16fc9 uvc-3219 \" data-hspacer=\"no_spacer\"  data-halign=\"center\" style=\"text-align:center\"><div class=\"uvc-heading-spacer no_spacer\" style=\"top\"><\/div><div class=\"uvc-main-heading ult-responsive\"  data-ultimate-target='.uvc-heading.ultimate-heading-583669e377cf16fc9 h2'  data-responsive-json-new='{\"font-size\":\"desktop:28px;\",\"line-height\":\"\"}' ><h2 style=\"font-weight:bold;\">GEARBOX MANUFACTURING GROUPS<\/h2><\/div><\/div>[vc_column_text css=&#8221;.vc_custom_1650362941855{margin-bottom: 0px !important;padding-top: 5px !important;padding-right: 10px !important;padding-bottom: 5px !important;padding-left: 10px !important;background-color: #e5e5e5 !important;}&#8221; el_id=&#8221;s1&#8243; el_class=&#8221;kategori-baslik&#8221;]<\/p>\n<h2>Planetary Gearboxes for Agricultural Machines, Cranes, Lorry Cranes<\/h2>\n<p>[\/vc_column_text][vc_row_inner][vc_column_inner width=&#8221;1\/4&#8243; css=&#8221;.vc_custom_1649679535553{margin-bottom: 0px !important;padding-bottom: 0px !important;}&#8221;][vc_single_image image=&#8221;365&#8243; img_size=&#8221;full&#8221; alignment=&#8221;center&#8221; onclick=&#8221;link_image&#8221; css_animation=&#8221;left-to-right&#8221;][\/vc_column_inner][vc_column_inner width=&#8221;1\/4&#8243; css=&#8221;.vc_custom_1649679525033{margin-bottom: 0px !important;padding-bottom: 0px !important;}&#8221;][vc_single_image image=&#8221;366&#8243; img_size=&#8221;large&#8221; alignment=&#8221;center&#8221; onclick=&#8221;link_image&#8221; css_animation=&#8221;right-to-left&#8221;][\/vc_column_inner][vc_column_inner width=&#8221;1\/2&#8243; css=&#8221;.vc_custom_1649748677027{margin-bottom: 0px !important;padding-top: 5px !important;padding-bottom: 0px !important;}&#8221; offset=&#8221;vc_hidden-xs&#8221;][vc_column_text css=&#8221;.vc_custom_1650362977872{padding-top: 10px !important;}&#8221;]We manufacture gearboxes for agricultural machinery. We produce planetary gearboxes for cranes and on-vehicle equipment.<br \/>\nWe also manufacture special gearboxes according to our customers&#8217; requests. We are able to manufacture gears and produce perfect planetary gearboxes with our engineers and technical personnel and equipment in our staff.[\/vc_column_text][\/vc_column_inner][\/vc_row_inner][vc_column_text css=&#8221;.vc_custom_1650362998046{margin-bottom: 0px !important;padding-top: 5px !important;padding-right: 10px !important;padding-bottom: 5px !important;padding-left: 10px !important;background-color: #e5e5e5 !important;}&#8221; el_id=&#8221;s2&#8243; el_class=&#8221;kategori-baslik&#8221;]<\/p>\n<h2>Gearboxes for Fertilizer Broadcaster Machine with Single Disc<\/h2>\n<p>[\/vc_column_text][vc_row_inner][vc_column_inner width=&#8221;1\/4&#8243; css=&#8221;.vc_custom_1649680138088{margin-bottom: 0px !important;padding-bottom: 0px !important;}&#8221;][vc_single_image image=&#8221;367&#8243; img_size=&#8221;large&#8221; alignment=&#8221;center&#8221; onclick=&#8221;link_image&#8221; css_animation=&#8221;left-to-right&#8221;][\/vc_column_inner][vc_column_inner width=&#8221;1\/2&#8243; css=&#8221;.vc_custom_1649748662155{margin-bottom: 0px !important;padding-top: 5px !important;padding-bottom: 0px !important;}&#8221; offset=&#8221;vc_hidden-xs&#8221;][vc_column_text css=&#8221;.vc_custom_1650363011551{padding-top: 10px !important;}&#8221;]Single Disc Fertilizer spreaders are used before or after crop planting. The purpose of use of fertilizer spreader is to increase soil and crop yield. Transmissions for Single Disc Fertilizer Spreaders are divided into two as back-mounted or bottom-mounted. According to the wishes of our customers, we can produce gearboxes in all kinds of structures.[\/vc_column_text][\/vc_column_inner][vc_column_inner width=&#8221;1\/4&#8243; css=&#8221;.vc_custom_1649680128944{margin-bottom: 0px !important;padding-bottom: 0px !important;}&#8221;][vc_single_image image=&#8221;369&#8243; img_size=&#8221;large&#8221; alignment=&#8221;center&#8221; onclick=&#8221;link_image&#8221; css_animation=&#8221;right-to-left&#8221;][\/vc_column_inner][\/vc_row_inner][vc_column_text css=&#8221;.vc_custom_1650363030670{margin-bottom: 0px !important;padding-top: 5px !important;padding-right: 10px !important;padding-bottom: 5px !important;padding-left: 10px !important;background-color: #e5e5e5 !important;}&#8221; el_class=&#8221;kategori-baslik&#8221; el_id=&#8221;s3&#8243;]<\/p>\n<h2>Fertilizer Broadcaster Machine with Double Disc<\/h2>\n<p>[\/vc_column_text][vc_row_inner][vc_column_inner width=&#8221;1\/2&#8243; css=&#8221;.vc_custom_1649680170096{margin-bottom: 0px !important;padding-bottom: 0px !important;}&#8221;][vc_single_image image=&#8221;370&#8243; img_size=&#8221;large&#8221; alignment=&#8221;center&#8221; onclick=&#8221;link_image&#8221; css_animation=&#8221;left-to-right&#8221;][\/vc_column_inner][vc_column_inner width=&#8221;1\/2&#8243; css=&#8221;.vc_custom_1649680182407{margin-bottom: 0px !important;padding-bottom: 0px !important;}&#8221; offset=&#8221;vc_hidden-xs&#8221;][vc_column_text css=&#8221;.vc_custom_1650363039622{padding-top: 15px !important;}&#8221;]Double Disc Fertilizer spreaders are used before or after crop planting. The purpose of use of fertilizer spreader is to increase soil and crop yield. Transmissions for Single Gear Fertilizer Spreaders are divided into two as back-mounted or bottom-mounted. According to the wishes of our customers, we can produce gearboxes in all kinds of structures.<\/p>\n<p>[\/vc_column_text][\/vc_column_inner][\/vc_row_inner][vc_row_inner][vc_column_inner width=&#8221;1\/2&#8243; css=&#8221;.vc_custom_1649680443327{margin-bottom: 0px !important;padding-bottom: 0px !important;}&#8221;][vc_column_text css=&#8221;.vc_custom_1650363054038{margin-bottom: 0px !important;padding-top: 5px !important;padding-right: 10px !important;padding-bottom: 5px !important;padding-left: 10px !important;background-color: #e5e5e5 !important;}&#8221; el_class=&#8221;kategori-baslik&#8221; el_id=&#8221;s4&#8243;]<\/p>\n<h2>Long Distance Fertilizer Broadcaster Machine with Double Disc<\/h2>\n<p>[\/vc_column_text][vc_single_image image=&#8221;371&#8243; img_size=&#8221;large&#8221; alignment=&#8221;center&#8221; onclick=&#8221;link_image&#8221; css_animation=&#8221;left-to-right&#8221;][\/vc_column_inner][vc_column_inner width=&#8221;1\/2&#8243; css=&#8221;.vc_custom_1649680215495{margin-bottom: 0px !important;padding-bottom: 0px !important;}&#8221; offset=&#8221;vc_hidden-xs&#8221;][vc_column_text css=&#8221;.vc_custom_1650363069413{margin-bottom: 0px !important;padding-top: 5px !important;padding-right: 10px !important;padding-bottom: 5px !important;padding-left: 10px !important;background-color: #e5e5e5 !important;}&#8221; el_class=&#8221;kategori-baslik&#8221; el_id=&#8221;s5&#8243;]<\/p>\n<h2>Gearboxes of Fertilizer Broadcaster Machine with Double Disc<\/h2>\n<p>[\/vc_column_text][vc_single_image image=&#8221;372&#8243; img_size=&#8221;large&#8221; alignment=&#8221;center&#8221; onclick=&#8221;link_image&#8221; css_animation=&#8221;left-to-right&#8221;][vc_column_text][\/vc_column_text][\/vc_column_inner][\/vc_row_inner][vc_column_text css=&#8221;.vc_custom_1650363085062{margin-bottom: 0px !important;padding-top: 5px !important;padding-right: 10px !important;padding-bottom: 5px !important;padding-left: 10px !important;background-color: #e5e5e5 !important;}&#8221; el_class=&#8221;kategori-baslik&#8221; el_id=&#8221;s6&#8243;]<\/p>\n<h2>Various Kinds of Speed Reducers<\/h2>\n<p>[\/vc_column_text][vc_row_inner][vc_column_inner width=&#8221;1\/4&#8243; css=&#8221;.vc_custom_1649680366167{margin-bottom: 0px !important;padding-bottom: 0px !important;}&#8221;][vc_single_image image=&#8221;374&#8243; img_size=&#8221;large&#8221; alignment=&#8221;center&#8221; onclick=&#8221;link_image&#8221; css_animation=&#8221;left-to-right&#8221;][\/vc_column_inner][vc_column_inner width=&#8221;1\/4&#8243; css=&#8221;.vc_custom_1649680356559{margin-bottom: 0px !important;padding-bottom: 0px !important;}&#8221;][vc_single_image image=&#8221;373&#8243; img_size=&#8221;large&#8221; alignment=&#8221;center&#8221; onclick=&#8221;link_image&#8221; css_animation=&#8221;right-to-left&#8221;][\/vc_column_inner][vc_column_inner width=&#8221;1\/2&#8243; css=&#8221;.vc_custom_1649680317039{margin-bottom: 0px !important;padding-bottom: 0px !important;}&#8221; offset=&#8221;vc_hidden-xs&#8221;][vc_column_text]We produce various gear reducers for Agricultural Machinery. These reducers are connected to the engines of various agricultural machinery, aiming to reduce the speed of the engine and increase its torque. In this way, you will have the opportunity to adjust the speed or power of the engine, that is, the agricultural machine, according to the project you will use.[\/vc_column_text][\/vc_column_inner][\/vc_row_inner][\/vc_column][\/vc_row][vc_row][vc_column][\/vc_column][\/vc_row]<\/p>\n","protected":false},"excerpt":{"rendered":"<p>[vc_row full_width=&#8221;stretch_row&#8221; full_height=&#8221;yes&#8221; content_placement=&#8221;middle&#8221; bg_type=&#8221;image&#8221; parallax_style=&#8221;vcpb-default&#8221; bg_image_new=&#8221;id^216|url^http:\/\/neonmakine.com.tr\/wp-content\/uploads\/neon-makine-fabrika-22.jpg|caption^null|alt^null|title^neon-makine-fabrika-22|description^null&#8221; bg_image_repeat=&#8221;no-repeat&#8221; bg_img_attach=&#8221;fixed&#8221; enable_overlay=&#8221;enable_overlay_value&#8221; overlay_color=&#8221;rgba(10,10,10,0.28)&#8221; overlay_pattern=&#8221;transperant&#8221; overlay_pattern_opacity=&#8221;40&#8243; overlay_pattern_attachment=&#8221;fixed&#8221; seperator_enable=&#8221;seperator_enable_value&#8221; seperator_type=&#8221;xlarge_triangle_seperator&#8221; seperator_position=&#8221;bottom_seperator&#8221; seperator_shape_background=&#8221;#ffffff&#8221; color_style=&#8221;light&#8221; el_id=&#8221;section1&#8243;][vc_column][vc_empty_space height=&#8221;100px&#8221;][vc_empty_space height=&#8221;30px&#8221;][\/vc_column][\/vc_row][vc_row full_width=&#8221;stretch_row&#8221; el_id=&#8221;section2&#8243;][vc_column width=&#8221;1\/3&#8243; el_class=&#8221;kurumsal-left&#8221;][vc_row_inner][vc_column_inner][\/vc_column_inner][\/vc_row_inner][\/vc_column][vc_column<span class=\"excerpt-hellip\"> [?]<\/span><\/p>\n","protected":false},"author":2,"featured_media":0,"parent":0,"menu_order":0,"comment_status":"closed","ping_status":"closed","template":"","meta":[],"yoast_head":"<!-- This site is optimized with the Yoast SEO plugin v20.6 - https:\/\/yoast.com\/wordpress\/plugins\/seo\/ -->\n<title>Gearbox Manufacturing | Agricultural Machinery Gearboxes<\/title>\n<meta name=\"description\" content=\"Planetary Gearboxes Manufacturing for Agricultural Machinery, Cranes and On-Board Equipment, Gearboxes for Fertilizer Spreaders, Speed Reducing Gearboxes\" \/>\n<meta name=\"robots\" content=\"index, follow, max-snippet:-1, max-image-preview:large, max-video-preview:-1\" \/>\n<link rel=\"canonical\" href=\"https:\/\/neonmakine.com.tr\/en\/gearboxes\" \/>\n<meta property=\"og:locale\" content=\"en_US\" \/>\n<meta property=\"og:type\" content=\"article\" \/>\n<meta property=\"og:title\" content=\"Gearbox Manufacturing | Agricultural Machinery Gearboxes\" \/>\n<meta property=\"og:description\" content=\"Planetary Gearboxes Manufacturing for Agricultural Machinery, Cranes and On-Board Equipment, Gearboxes for Fertilizer Spreaders, Speed Reducing Gearboxes\" \/>\n<meta property=\"og:url\" content=\"https:\/\/neonmakine.com.tr\/en\/gearboxes\" \/>\n<meta property=\"og:site_name\" content=\"Neon Makine\" \/>\n<meta property=\"article:modified_time\" content=\"2022-04-19T10:22:02+00:00\" \/>\n<meta name=\"twitter:card\" content=\"summary_large_image\" \/>\n<meta name=\"twitter:label1\" content=\"Est. reading time\" \/>\n\t<meta name=\"twitter:data1\" content=\"6 minutes\" \/>\n<script type=\"application\/ld+json\" class=\"yoast-schema-graph\">{\"@context\":\"https:\/\/schema.org\",\"@graph\":[{\"@type\":\"WebPage\",\"@id\":\"https:\/\/neonmakine.com.tr\/en\/gearboxes\",\"url\":\"https:\/\/neonmakine.com.tr\/en\/gearboxes\",\"name\":\"Gearbox Manufacturing | Agricultural Machinery Gearboxes\",\"isPartOf\":{\"@id\":\"https:\/\/neonmakine.com.tr\/#website\"},\"datePublished\":\"2017-11-10T20:47:27+00:00\",\"dateModified\":\"2022-04-19T10:22:02+00:00\",\"description\":\"Planetary Gearboxes Manufacturing for Agricultural Machinery, Cranes and On-Board Equipment, Gearboxes for Fertilizer Spreaders, Speed Reducing Gearboxes\",\"breadcrumb\":{\"@id\":\"https:\/\/neonmakine.com.tr\/en\/gearboxes#breadcrumb\"},\"inLanguage\":\"en-US\",\"potentialAction\":[{\"@type\":\"ReadAction\",\"target\":[\"https:\/\/neonmakine.com.tr\/en\/gearboxes\"]}]},{\"@type\":\"BreadcrumbList\",\"@id\":\"https:\/\/neonmakine.com.tr\/en\/gearboxes#breadcrumb\",\"itemListElement\":[{\"@type\":\"ListItem\",\"position\":1,\"name\":\"Ana sayfa\",\"item\":\"https:\/\/neonmakine.com.tr\/en\"},{\"@type\":\"ListItem\",\"position\":2,\"name\":\"Gearboxes\"}]},{\"@type\":\"WebSite\",\"@id\":\"https:\/\/neonmakine.com.tr\/#website\",\"url\":\"https:\/\/neonmakine.com.tr\/\",\"name\":\"Neon Makine\",\"description\":\"Neon Makine olarak 40 y\u0131ld\u0131r yurt i\u00e7i ve yurt d\u0131\u015f\u0131 \u00f6zel di\u015fli kutusu, di\u015fli tasar\u0131m\u0131 ve imalat\u0131 yapmaktad\u0131r.\",\"potentialAction\":[{\"@type\":\"SearchAction\",\"target\":{\"@type\":\"EntryPoint\",\"urlTemplate\":\"https:\/\/neonmakine.com.tr\/?s={search_term_string}\"},\"query-input\":\"required name=search_term_string\"}],\"inLanguage\":\"en-US\"}]}<\/script>\n<!-- \/ Yoast SEO plugin. -->","yoast_head_json":{"title":"Gearbox Manufacturing | Agricultural Machinery Gearboxes","description":"Planetary Gearboxes Manufacturing for Agricultural Machinery, Cranes and On-Board Equipment, Gearboxes for Fertilizer Spreaders, Speed Reducing Gearboxes","robots":{"index":"index","follow":"follow","max-snippet":"max-snippet:-1","max-image-preview":"max-image-preview:large","max-video-preview":"max-video-preview:-1"},"canonical":"https:\/\/neonmakine.com.tr\/en\/gearboxes","og_locale":"en_US","og_type":"article","og_title":"Gearbox Manufacturing | Agricultural Machinery Gearboxes","og_description":"Planetary Gearboxes Manufacturing for Agricultural Machinery, Cranes and On-Board Equipment, Gearboxes for Fertilizer Spreaders, Speed Reducing Gearboxes","og_url":"https:\/\/neonmakine.com.tr\/en\/gearboxes","og_site_name":"Neon Makine","article_modified_time":"2022-04-19T10:22:02+00:00","twitter_card":"summary_large_image","twitter_misc":{"Est. reading time":"6 minutes"},"schema":{"@context":"https:\/\/schema.org","@graph":[{"@type":"WebPage","@id":"https:\/\/neonmakine.com.tr\/en\/gearboxes","url":"https:\/\/neonmakine.com.tr\/en\/gearboxes","name":"Gearbox Manufacturing | Agricultural Machinery Gearboxes","isPartOf":{"@id":"https:\/\/neonmakine.com.tr\/#website"},"datePublished":"2017-11-10T20:47:27+00:00","dateModified":"2022-04-19T10:22:02+00:00","description":"Planetary Gearboxes Manufacturing for Agricultural Machinery, Cranes and On-Board Equipment, Gearboxes for Fertilizer Spreaders, Speed Reducing Gearboxes","breadcrumb":{"@id":"https:\/\/neonmakine.com.tr\/en\/gearboxes#breadcrumb"},"inLanguage":"en-US","potentialAction":[{"@type":"ReadAction","target":["https:\/\/neonmakine.com.tr\/en\/gearboxes"]}]},{"@type":"BreadcrumbList","@id":"https:\/\/neonmakine.com.tr\/en\/gearboxes#breadcrumb","itemListElement":[{"@type":"ListItem","position":1,"name":"Ana sayfa","item":"https:\/\/neonmakine.com.tr\/en"},{"@type":"ListItem","position":2,"name":"Gearboxes"}]},{"@type":"WebSite","@id":"https:\/\/neonmakine.com.tr\/#website","url":"https:\/\/neonmakine.com.tr\/","name":"Neon Makine","description":"Neon Makine olarak 40 y\u0131ld\u0131r yurt i\u00e7i ve yurt d\u0131\u015f\u0131 \u00f6zel di\u015fli kutusu, di\u015fli tasar\u0131m\u0131 ve imalat\u0131 yapmaktad\u0131r.","potentialAction":[{"@type":"SearchAction","target":{"@type":"EntryPoint","urlTemplate":"https:\/\/neonmakine.com.tr\/?s={search_term_string}"},"query-input":"required name=search_term_string"}],"inLanguage":"en-US"}]}},"_links":{"self":[{"href":"https:\/\/neonmakine.com.tr\/en\/wp-json\/wp\/v2\/pages\/437"}],"collection":[{"href":"https:\/\/neonmakine.com.tr\/en\/wp-json\/wp\/v2\/pages"}],"about":[{"href":"https:\/\/neonmakine.com.tr\/en\/wp-json\/wp\/v2\/types\/page"}],"author":[{"embeddable":true,"href":"https:\/\/neonmakine.com.tr\/en\/wp-json\/wp\/v2\/users\/2"}],"replies":[{"embeddable":true,"href":"https:\/\/neonmakine.com.tr\/en\/wp-json\/wp\/v2\/comments?post=437"}],"version-history":[{"count":0,"href":"https:\/\/neonmakine.com.tr\/en\/wp-json\/wp\/v2\/pages\/437\/revisions"}],"wp:attachment":[{"href":"https:\/\/neonmakine.com.tr\/en\/wp-json\/wp\/v2\/media?parent=437"}],"curies":[{"name":"wp","href":"https:\/\/api.w.org\/{rel}","templated":true}]}}