{"id":416,"date":"2017-11-10T19:03:57","date_gmt":"2017-11-10T17:03:57","guid":{"rendered":"http:\/\/neonmakine.com.tr?page_id=416"},"modified":"2026-03-18T15:06:56","modified_gmt":"2026-03-18T12:06:56","slug":"about-us","status":"publish","type":"page","link":"https:\/\/neonmakine.com.tr\/en\/corporate\/about-us","title":{"rendered":"About Us"},"content":{"rendered":"<p>[vc_row full_width=&#8221;stretch_row&#8221; full_height=&#8221;yes&#8221; content_placement=&#8221;middle&#8221; bg_type=&#8221;image&#8221; parallax_style=&#8221;vcpb-default&#8221; bg_image_new=&#8221;id^1175|url^https:\/\/neonmakine.com.tr\/wp-content\/uploads\/neon-anasayfa-1233.jpg|caption^null|alt^null|title^neon anasayfa-1233|description^null&#8221; bg_image_repeat=&#8221;no-repeat&#8221; bg_img_attach=&#8221;fixed&#8221; enable_overlay=&#8221;enable_overlay_value&#8221; overlay_color=&#8221;rgba(10,10,10,0.28)&#8221; overlay_pattern=&#8221;transperant&#8221; overlay_pattern_opacity=&#8221;40&#8243; overlay_pattern_attachment=&#8221;fixed&#8221; seperator_enable=&#8221;seperator_enable_value&#8221; seperator_type=&#8221;xlarge_triangle_seperator&#8221; seperator_position=&#8221;bottom_seperator&#8221; seperator_shape_background=&#8221;#ffffff&#8221; color_style=&#8221;light&#8221; el_id=&#8221;section1&#8243;][vc_column][vc_empty_space height=&#8221;100px&#8221;]<div class=\"ult-animation  ult-animate-viewport  ult-no-mobile \" data-animate=\"fadeIn\" data-animation-delay=\"0\" data-animation-duration=\"1\" data-animation-iteration=\"1\" style=\"opacity:0;\" data-opacity_start_effect=\"\"><div id=\"ultimate-heading-319669e3821433a77\" class=\"uvc-heading ult-adjust-bottom-margin ultimate-heading-319669e3821433a77 uvc-5805 \" data-hspacer=\"no_spacer\"  data-halign=\"center\" style=\"text-align:center\"><div class=\"uvc-heading-spacer no_spacer\" style=\"top\"><\/div><div class=\"uvc-main-heading ult-responsive\"  data-ultimate-target='.uvc-heading.ultimate-heading-319669e3821433a77 h1'  data-responsive-json-new='{\"font-size\":\"\",\"line-height\":\"\"}' ><h1 style=\"font-weight:normal;color:#ffffff;\">ABOUT US<\/h1><\/div><div class=\"uvc-sub-heading ult-responsive\"  data-ultimate-target='.uvc-heading.ultimate-heading-319669e3821433a77 .uvc-sub-heading '  data-responsive-json-new='{\"font-size\":\"\",\"line-height\":\"\"}'  style=\"font-weight:normal;color:#ffffff;\">With more than 40 years of experience&#8230;<\/div><\/div><\/div>[vc_empty_space height=&#8221;30px&#8221;]<div class=\"ult-animation  ult-animate-viewport  ult-no-mobile \" data-animate=\"pulse\" data-animation-delay=\"1\" data-animation-duration=\"1\" data-animation-iteration=\"5\" style=\"opacity:0;\" data-opacity_start_effect=\"\">[vc_column_text]<\/p>\n<p style=\"text-align: center;\"><a class=\"head-link scroll\" href=\"#section2\"><i class=\"Defaults-angle-down\" style=\"\" aria-hidden=\"true\"><\/i><\/a><\/p>\n<p>[\/vc_column_text]<\/div>[\/vc_column][\/vc_row][vc_row full_width=&#8221;stretch_row&#8221; el_id=&#8221;section2&#8243;][vc_column width=&#8221;3\/4&#8243; el_class=&#8221;kurumsal-left&#8221;][vc_row_inner][vc_column_inner width=&#8221;2\/3&#8243;]<div class=\"ult-animation  ult-animate-viewport  ult-no-mobile \" data-animate=\"fadeIn\" data-animation-delay=\"0\" data-animation-duration=\"1\" data-animation-iteration=\"1\" style=\"opacity:0;\" data-opacity_start_effect=\"\">[vc_column_text]With more than 40 years of experience, Neon Machinery manufactures its products in accordance with world-class qualities.We follow our strategy as a solution partner for customers with years of experience and the combination of today&#8217;s technology.[\/vc_column_text]<\/div><div class=\"ult-animation  ult-animate-viewport  ult-no-mobile \" data-animate=\"fadeIn\" data-animation-delay=\"0.5\" data-animation-duration=\"1\" data-animation-iteration=\"1\" style=\"opacity:0;\" data-opacity_start_effect=\"\">[vc_column_text]Our company, is in Kemalpa\u015fa OSB with its modern facility, which is built on 10000m2 closed area, produces and designs special gear boxes and gears for domestic and export customers.[\/vc_column_text]<\/div><div class=\"ult-animation  ult-animate-viewport  ult-no-mobile \" data-animate=\"fadeIn\" data-animation-delay=\"0.5\" data-animation-duration=\"1\" data-animation-iteration=\"1\" style=\"opacity:0;\" data-opacity_start_effect=\"\">[vc_column_text]We export a majority of our production. Our mission is to provide and share the best quality products and services to our clients which meet world standards.[\/vc_column_text]<\/div>[\/vc_column_inner][vc_column_inner width=&#8221;1\/3&#8243;][vc_single_image image=&#8221;163&#8243; img_size=&#8221;large&#8221; alignment=&#8221;center&#8221; style=&#8221;vc_box_shadow&#8221; el_class=&#8221;opacity-80&#8243;][\/vc_column_inner][\/vc_row_inner][\/vc_column][vc_column width=&#8221;1\/4&#8243; el_class=&#8221;kurumsal-sidebar&#8221;]<div class=\"templatera_shortcode\"><div class=\"vc_row wpb_row vc_row-fluid vc_custom_1507116561313\"><div class=\"wpb_column vc_column_container vc_col-sm-12\"><div class=\"vc_column-inner\"><div class=\"wpb_wrapper\"><div class=\"vc_separator wpb_content_element vc_separator_align_center vc_sep_width_100 vc_sep_pos_align_right vc_sep_color_grey vc_separator-has-text\" ><span class=\"vc_sep_holder vc_sep_holder_l\"><span  class=\"vc_sep_line\"><\/span><\/span><h4>CORPORATE<\/h4><span class=\"vc_sep_holder vc_sep_holder_r\"><span  class=\"vc_sep_line\"><\/span><\/span>\n<\/div><div  class=\"wpb_widgetised_column wpb_content_element\">\n\t\t<div class=\"wpb_wrapper\">\n\t\t\t\n\t\t\t<aside id=\"widget_mfn_menu-3\" class=\"widget widget_mfn_menu\"><div class=\"menu-kurumsal-menu-tr-ingilizce-container\"><ul id=\"menu-kurumsal-menu-tr-ingilizce\" class=\"menu submenus-click\"><li id=\"menu-item-484\" class=\"menu-item menu-item-type-post_type menu-item-object-page menu-item-484\"><a href=\"https:\/\/neonmakine.com.tr\/en\/corporate\/about-us\">About Us<\/a><\/li>\n<li id=\"menu-item-485\" class=\"menu-item menu-item-type-post_type menu-item-object-page menu-item-485\"><a href=\"https:\/\/neonmakine.com.tr\/en\/corporate\/who-are-we\">Who are we?<\/a><\/li>\n<li id=\"menu-item-487\" class=\"menu-item menu-item-type-post_type menu-item-object-page menu-item-487\"><a href=\"https:\/\/neonmakine.com.tr\/en\/corporate\/vision-mission\">Vision &#038; Mission<\/a><\/li>\n<li id=\"menu-item-490\" class=\"menu-item menu-item-type-post_type menu-item-object-page menu-item-490\"><a href=\"https:\/\/neonmakine.com.tr\/en\/corporate\/certificates\">Certificates<\/a><\/li>\n<\/ul><\/div><\/aside>\n\t\t<\/div>\n\t<\/div>\n<\/div><\/div><\/div><\/div><\/div>[\/vc_column][\/vc_row]<\/p>\n","protected":false},"excerpt":{"rendered":"CORPORATE About Us Who are we? Vision &#038; Mission Certificates","protected":false},"author":2,"featured_media":0,"parent":406,"menu_order":0,"comment_status":"closed","ping_status":"closed","template":"","meta":[],"yoast_head":"<!-- This site is optimized with the Yoast SEO plugin v20.6 - https:\/\/yoast.com\/wordpress\/plugins\/seo\/ -->\n<title>About Us | Neon Makine<\/title>\n<meta name=\"robots\" content=\"index, follow, max-snippet:-1, max-image-preview:large, max-video-preview:-1\" \/>\n<link rel=\"canonical\" href=\"https:\/\/neonmakine.com.tr\/kurumsal\/hakkimizda\" \/>\n<meta property=\"og:locale\" content=\"en_US\" \/>\n<meta property=\"og:type\" content=\"article\" \/>\n<meta property=\"og:title\" content=\"About Us | Neon Makine\" \/>\n<meta property=\"og:url\" content=\"https:\/\/neonmakine.com.tr\/kurumsal\/hakkimizda\" \/>\n<meta property=\"og:site_name\" content=\"Neon Makine\" \/>\n<meta property=\"article:modified_time\" content=\"2026-03-18T12:06:56+00:00\" \/>\n<meta name=\"twitter:card\" content=\"summary_large_image\" \/>\n<meta name=\"twitter:label1\" content=\"Est. reading time\" \/>\n\t<meta name=\"twitter:data1\" content=\"2 minutes\" \/>\n<script type=\"application\/ld+json\" class=\"yoast-schema-graph\">{\"@context\":\"https:\/\/schema.org\",\"@graph\":[{\"@type\":\"WebPage\",\"@id\":\"https:\/\/neonmakine.com.tr\/kurumsal\/hakkimizda\",\"url\":\"https:\/\/neonmakine.com.tr\/kurumsal\/hakkimizda\",\"name\":\"About Us | Neon Makine\",\"isPartOf\":{\"@id\":\"https:\/\/neonmakine.com.tr\/#website\"},\"datePublished\":\"2017-11-10T17:03:57+00:00\",\"dateModified\":\"2026-03-18T12:06:56+00:00\",\"breadcrumb\":{\"@id\":\"https:\/\/neonmakine.com.tr\/kurumsal\/hakkimizda#breadcrumb\"},\"inLanguage\":\"en-US\",\"potentialAction\":[{\"@type\":\"ReadAction\",\"target\":[\"https:\/\/neonmakine.com.tr\/kurumsal\/hakkimizda\"]}]},{\"@type\":\"BreadcrumbList\",\"@id\":\"https:\/\/neonmakine.com.tr\/kurumsal\/hakkimizda#breadcrumb\",\"itemListElement\":[{\"@type\":\"ListItem\",\"position\":1,\"name\":\"Ana sayfa\",\"item\":\"https:\/\/neonmakine.com.tr\/en\"},{\"@type\":\"ListItem\",\"position\":2,\"name\":\"Corporate\",\"item\":\"https:\/\/neonmakine.com.tr\/en\/corporate\"},{\"@type\":\"ListItem\",\"position\":3,\"name\":\"About Us\"}]},{\"@type\":\"WebSite\",\"@id\":\"https:\/\/neonmakine.com.tr\/#website\",\"url\":\"https:\/\/neonmakine.com.tr\/\",\"name\":\"Neon Makine\",\"description\":\"Neon Makine olarak 40 y\u0131ld\u0131r yurt i\u00e7i ve yurt d\u0131\u015f\u0131 \u00f6zel di\u015fli kutusu, di\u015fli tasar\u0131m\u0131 ve imalat\u0131 yapmaktad\u0131r.\",\"potentialAction\":[{\"@type\":\"SearchAction\",\"target\":{\"@type\":\"EntryPoint\",\"urlTemplate\":\"https:\/\/neonmakine.com.tr\/?s={search_term_string}\"},\"query-input\":\"required name=search_term_string\"}],\"inLanguage\":\"en-US\"}]}<\/script>\n<!-- \/ Yoast SEO plugin. -->","yoast_head_json":{"title":"About Us | Neon Makine","robots":{"index":"index","follow":"follow","max-snippet":"max-snippet:-1","max-image-preview":"max-image-preview:large","max-video-preview":"max-video-preview:-1"},"canonical":"https:\/\/neonmakine.com.tr\/kurumsal\/hakkimizda","og_locale":"en_US","og_type":"article","og_title":"About Us | Neon Makine","og_url":"https:\/\/neonmakine.com.tr\/kurumsal\/hakkimizda","og_site_name":"Neon Makine","article_modified_time":"2026-03-18T12:06:56+00:00","twitter_card":"summary_large_image","twitter_misc":{"Est. reading time":"2 minutes"},"schema":{"@context":"https:\/\/schema.org","@graph":[{"@type":"WebPage","@id":"https:\/\/neonmakine.com.tr\/kurumsal\/hakkimizda","url":"https:\/\/neonmakine.com.tr\/kurumsal\/hakkimizda","name":"About Us | Neon Makine","isPartOf":{"@id":"https:\/\/neonmakine.com.tr\/#website"},"datePublished":"2017-11-10T17:03:57+00:00","dateModified":"2026-03-18T12:06:56+00:00","breadcrumb":{"@id":"https:\/\/neonmakine.com.tr\/kurumsal\/hakkimizda#breadcrumb"},"inLanguage":"en-US","potentialAction":[{"@type":"ReadAction","target":["https:\/\/neonmakine.com.tr\/kurumsal\/hakkimizda"]}]},{"@type":"BreadcrumbList","@id":"https:\/\/neonmakine.com.tr\/kurumsal\/hakkimizda#breadcrumb","itemListElement":[{"@type":"ListItem","position":1,"name":"Ana sayfa","item":"https:\/\/neonmakine.com.tr\/en"},{"@type":"ListItem","position":2,"name":"Corporate","item":"https:\/\/neonmakine.com.tr\/en\/corporate"},{"@type":"ListItem","position":3,"name":"About Us"}]},{"@type":"WebSite","@id":"https:\/\/neonmakine.com.tr\/#website","url":"https:\/\/neonmakine.com.tr\/","name":"Neon Makine","description":"Neon Makine olarak 40 y\u0131ld\u0131r yurt i\u00e7i ve yurt d\u0131\u015f\u0131 \u00f6zel di\u015fli kutusu, di\u015fli tasar\u0131m\u0131 ve imalat\u0131 yapmaktad\u0131r.","potentialAction":[{"@type":"SearchAction","target":{"@type":"EntryPoint","urlTemplate":"https:\/\/neonmakine.com.tr\/?s={search_term_string}"},"query-input":"required name=search_term_string"}],"inLanguage":"en-US"}]}},"_links":{"self":[{"href":"https:\/\/neonmakine.com.tr\/en\/wp-json\/wp\/v2\/pages\/416"}],"collection":[{"href":"https:\/\/neonmakine.com.tr\/en\/wp-json\/wp\/v2\/pages"}],"about":[{"href":"https:\/\/neonmakine.com.tr\/en\/wp-json\/wp\/v2\/types\/page"}],"author":[{"embeddable":true,"href":"https:\/\/neonmakine.com.tr\/en\/wp-json\/wp\/v2\/users\/2"}],"replies":[{"embeddable":true,"href":"https:\/\/neonmakine.com.tr\/en\/wp-json\/wp\/v2\/comments?post=416"}],"version-history":[{"count":2,"href":"https:\/\/neonmakine.com.tr\/en\/wp-json\/wp\/v2\/pages\/416\/revisions"}],"predecessor-version":[{"id":1181,"href":"https:\/\/neonmakine.com.tr\/en\/wp-json\/wp\/v2\/pages\/416\/revisions\/1181"}],"up":[{"embeddable":true,"href":"https:\/\/neonmakine.com.tr\/en\/wp-json\/wp\/v2\/pages\/406"}],"wp:attachment":[{"href":"https:\/\/neonmakine.com.tr\/en\/wp-json\/wp\/v2\/media?parent=416"}],"curies":[{"name":"wp","href":"https:\/\/api.w.org\/{rel}","templated":true}]}}